{"id":2,"date":"2014-12-10T16:07:09","date_gmt":"2014-12-10T15:07:09","guid":{"rendered":"http:\/\/www.restothai02.fr\/?page_id=2"},"modified":"2024-01-18T12:19:50","modified_gmt":"2024-01-18T11:19:50","slug":"page-d-exemple","status":"publish","type":"page","link":"http:\/\/www.restothai02.fr\/?page_id=2","title":{"rendered":"Concept"},"content":{"rendered":"<p>Sp\u00e9cialit\u00e9s\u00a0Tha\u00eflandaises, bi\u00e8re fine, ambiance exotique.<\/p>\n<p>-15 % sur tous les plats \u00e0 emporter.<\/p>\n<p>&nbsp;<\/p>\n<p>&nbsp;<\/p>\n<p>Using WordPress, <a href=\"https:\/\/wordpress.org\/themes\/chinese-restaurant\">Chinese Restaurant Theme<\/a><\/p>\n<p>Webmaster b.chaperot at gmail.com<\/p>\n<p>&nbsp;<\/p>\n<p>&nbsp;<\/p>\n","protected":false},"excerpt":{"rendered":"<p>Sp\u00e9cialit\u00e9s\u00a0Tha\u00eflandaises, bi\u00e8re fine, ambiance exotique. -15 % sur tous les plats \u00e0 emporter. &nbsp; &nbsp; Using WordPress, Chinese Restaurant Theme Webmaster b.chaperot at gmail.com &nbsp; &nbsp;<\/p>\n","protected":false},"author":1,"featured_media":0,"parent":0,"menu_order":0,"comment_status":"closed","ping_status":"closed","template":"","meta":{"_exactmetrics_skip_tracking":false,"_exactmetrics_sitenote_active":false,"_exactmetrics_sitenote_note":"","_exactmetrics_sitenote_category":0,"footnotes":""},"class_list":["post-2","page","type-page","status-publish","hentry"],"_links":{"self":[{"href":"http:\/\/www.restothai02.fr\/index.php?rest_route=\/wp\/v2\/pages\/2"}],"collection":[{"href":"http:\/\/www.restothai02.fr\/index.php?rest_route=\/wp\/v2\/pages"}],"about":[{"href":"http:\/\/www.restothai02.fr\/index.php?rest_route=\/wp\/v2\/types\/page"}],"author":[{"embeddable":true,"href":"http:\/\/www.restothai02.fr\/index.php?rest_route=\/wp\/v2\/users\/1"}],"replies":[{"embeddable":true,"href":"http:\/\/www.restothai02.fr\/index.php?rest_route=%2Fwp%2Fv2%2Fcomments&post=2"}],"version-history":[{"count":4,"href":"http:\/\/www.restothai02.fr\/index.php?rest_route=\/wp\/v2\/pages\/2\/revisions"}],"predecessor-version":[{"id":100,"href":"http:\/\/www.restothai02.fr\/index.php?rest_route=\/wp\/v2\/pages\/2\/revisions\/100"}],"wp:attachment":[{"href":"http:\/\/www.restothai02.fr\/index.php?rest_route=%2Fwp%2Fv2%2Fmedia&parent=2"}],"curies":[{"name":"wp","href":"https:\/\/api.w.org\/{rel}","templated":true}]}}